{"id":3512,"date":"2021-11-16T14:02:21","date_gmt":"2021-11-16T14:02:21","guid":{"rendered":"https:\/\/oneclick.lt\/privatumo-politika\/"},"modified":"2022-06-16T10:28:51","modified_gmt":"2022-06-16T07:28:51","slug":"privacy-police","status":"publish","type":"page","link":"https:\/\/oneclick.lt\/en\/privacy-police\/","title":{"rendered":"Privacy policy"},"content":{"rendered":"<p>Bendrosios nuostatos<\/p>\n<p>1. Tinklalapio www.oneclick.lt (toliau \u2013 Tinklalapis) naudojimo taisykl\u0117s ir privatumo politika (toliau \u2013 Taisykl\u0117s) nustato naudojimosi Tinklalapiu s\u0105lygas ir tvark\u0105 bei pagrindinius asmens duomen\u0173 rinkimo, tvarkymo ir saugojimo principus, kuriais remdamasis Tinklalapio valdytojas \u2013 MB \u201eVienas paspaudimas\u201c, juridinio asmens kodas 304859756, PVM kodas LT100012185317 reg. adresas Vytenio g. 14 \u2013 35, Marijampol\u0117, (toliau \u2013 \u012estaiga), tvarko Tinklalapio lankytoj\u0173 (toliau \u2013 Vartotojas) asmens duomenis.<\/p>\n<p>2. \u012eeidami \u012f Tinklalap\u012f, Vartotojai patvirtina, kad bes\u0105lygi\u0161kai sutinka su \u0161iomis Taisykl\u0117mis ir \u012fsipareigoja j\u0173 laikytis. Taisykl\u0117s taikomos tiek naudojantis Tinklalapiu Vartotojui prisijungus, tiek ir Vartotojams neatlikusius prisijungimo proced\u016bros. Prisijungdami prie Tinklalapio ir\/ar jo naudodamiesi, Vartotojai patvirtina, kad yra tinkamai susipa\u017ein\u0119 su Taisykl\u0117mis bei sutinka, kad \u012estaiga tvarkys Vartotoj\u0173 pateikt\u0105 informacij\u0105 (\u012fskaitant asmens duomenis) tiek, kiek yra reikalinga Tinklalapiui valdyti ir funkcionavimui u\u017etikrinti bei Tinklalapio paslaugoms teikti.<\/p>\n<p>3. Tinklalapio paslaugos \u2013 tai su klient\u0173 informavimu ir kliento informacijos pateikimu susijusios paslaugos (toliau \u2013 Tinklalapio paslaugos), kurios apima:<\/p>\n<p>3.1. informacijos apie Tiek\u0117jo paslaugas, kliento mok\u0117tinas sumas teikim\u0105;<\/p>\n<p>3.2. klausim\u0173 ar kitos informacijos pateikim\u0105 ir\/ar paslaug\u0173 u\u017esakym\u0105 elektroniniu b\u016bdu.<\/p>\n<p>3.3. bet kokios kitos paslaugos, teikiamos Tinklalapiu.<\/p>\n<p>4. \u012estaiga turi teis\u0119 viena\u0161ali\u0161kai pakeisti Taisykles apie tai paskelbdama Tinklalapyje. Taisykli\u0173 pakeitimai \u012fsigalioja nuo j\u0173 paskelbimo Tinklalapyje dienos. Jei po Taisykli\u0173 pakeitimo ar papildymo Vartotojas ir toliau naudojasi Tinklalapio paslaugomis, laikoma, kad Vartotojas sutinka su nauja Taisykli\u0173 redakcija.Vartotoj\u0173 prisijungimas ir asmens duomen\u0173 apsauga<\/p>\n<p>5. Vartotojas sutinka, kad \u012estaiga tvarkyt\u0173 bet kokius Vartotojo pateiktus jo asmens duomenis ir\/ar kitoki\u0105 informacij\u0105 ir naudot\u0173 \u0161i\u0173 Taisykli\u0173 vykdymo tikslais, \u012estaigos paslaugoms teikti, tiesiogin\u0117s rinkodaros (jeigu yra gautas Vartotojo sutikimas) ir kitais tikslais.<\/p>\n<p>6. Vartotojui draud\u017eiama savintis kit\u0173 asmen\u0173 tapatyb\u0119, nurodant svetim\u0105 vard\u0105, pavard\u0119 ir\/ar kitus duomenis. Nepaisan\u010diam min\u0117t\u0173 reikalavim\u0173 Vartotojui \u012estaiga turi teis\u0119, nedelsiant ir i\u0161 anksto neprane\u0161us, u\u017edrausti naudotis Tinklalapiu. Esant pagr\u012fstiems \u012ftarimams, kad tokiais savo veiksmais Vartotojas padar\u0117 ar gal\u0117jo padaryti \u017eal\u0105 \u012estaigai ir\/ar tretiesiems asmenims ir\/ar vie\u0161ajam interesui, \u012estaiga turi teis\u0119 perduoti visus turimus duomenis apie tok\u012f Vartotoj\u0105 valstybin\u0117ms institucijoms.<\/p>\n<p>7. Tinklalapyje Vartotojo pateikti asmens duomenys yra \u012estaigos tvarkomi laikantis \u0161i\u0173 Taisykli\u0173, Lietuvos Respublikos asmens duomen\u0173 teisin\u0117s apsaugos \u012fstatymo nustatyt\u0173 reikalavim\u0173 bei kit\u0173 Lietuvos Respublikos teis\u0117s akt\u0173, reglamentuojan\u010di\u0173 asmens duomen\u0173 tvarkym\u0105 bei apsaug\u0105.<\/p>\n<p>8. Elektronini\u0173 form\u0173 pildymo b\u016bdu Vartotojo pateikti asmens duomenys (vardas, pavard\u0117, elektroninio pa\u0161to adresas, telefono numeris, adresas ir pan.) naudojami \u0161iais tikslais:<\/p>\n<p>8.1. Tinklalapio ir \u012estaigos paslaug\u0173 teikimo tikslais.<\/p>\n<p>9. Vartotojas, kreipdamasis \u012f \u012estaig\u0105 ra\u0161tu el. pa\u0161tu info@oneclick.lt, arba atvyk\u0119s \u012f klient\u0173 aptarnavimo centr\u0105, pateikdamas \u012estaigai asmens tapatyb\u0119 patvirtinant\u012f dokument\u0105, turi teis\u0119:<\/p>\n<p>9.1.kreiptis \u012f \u012estaig\u0105 su pra\u0161ymu suteikti informacij\u0105 apie \u012estaigos tvarkomus Vartotojo asmens duomenis;<\/p>\n<p>9.2. kreiptis \u012f \u012estaig\u0105 su pra\u0161ymu i\u0161taisyti Vartotojo asmens duomenis ir\/ar sustabdyti toki\u0173 asmens duomen\u0173 tvarkymo veiksmus, i\u0161skyrus saugojim\u0105 \u2013 tuo atveju, kai susipa\u017einus su asmens duomenimis, Vartotojas nustato, kad duomenys yra neteisingi, nei\u0161sam\u016bs ar netiksl\u016bs;<\/p>\n<p>9.3. kreiptis \u012f \u012estaig\u0105 su pra\u0161ymu sunaikinti asmens duomenis ar sustabdyti toki\u0173 asmens duomen\u0173 tvarkymo veiksmus, i\u0161skyrus saugojim\u0105 \u2013 tuo atveju, kai susipa\u017einus su savo asmens duomenimis, Vartotojas nustato, kad asmens duomenys yra tvarkomi neteis\u0117tai arba nes\u0105\u017einingai;<\/p>\n<p>9.4. nesutikti, kad b\u016bt\u0173 tvarkomi Vartotojo asmens duomenys, kai \u0161ie duomenys tvarkomi ar ketinami tvarkyti tiesiogin\u0117s rinkodaros tikslais.<\/p>\n<p>10. Asmens duomenys turi b\u016bti tiksl\u016bs, tinkami ir tik tokios apimties, kuri b\u016btina jiems rinkti ir toliau tvarkyti. Jei reikia asmens duomen\u0173 tvarkymui, asmens duomenys nuolat atnaujinami.<\/p>\n<p>11. \u012estaiga \u012fsipareigoja neatskleisti Vartotojo asmens duomen\u0173 kitiems tretiesiems asmenims, i\u0161skyrus \u012estaigos partnerius, teikian\u010dius su \u012estaigos teikiamomis paslaugomis susijusias paslaugas. Visais kitais atvejais Vartotojo asmens duomenys tretiesiems asmenims gali b\u016bti atskleid\u017eiami tik Lietuvos Respublikos teis\u0117s akt\u0173 numatyta tvarka.\u012estaigos ir Vartotojo teis\u0117s bei pareigos.<\/p>\n<p>12. \u012estaiga pasilieka teis\u0119 bet kada, neprane\u0161usi Vartotojui, keisti Tinklalapyje nurodytas \u012estaigos teikiamas Paslaugas ar atskiras j\u0173 s\u0105lygas.<\/p>\n<p>13. \u012estaiga, siekdama apginti asmen\u0173 teises ir teis\u0117tus interesus ir\/ar vykdydama teis\u0117s akt\u0173 reikalavimus, ir\/ar Vartotojui nesilaikant \u0161i\u0173 Taisykli\u0173 nuostat\u0173, turi teis\u0119 be i\u0161ankstinio prane\u0161imo ar Vartotojo sutikimo panaikinti Vartotojo registracij\u0105 Tinklalapyje.<\/p>\n<p>14. \u012estaiga turi teis\u0119 bet kada, be i\u0161ankstinio \u012fsp\u0117jimo, sustabdyti ar visi\u0161kai nutraukti Tinklalapio veikl\u0105.<\/p>\n<p>15. Naudodamasis Tinklalapiu ir\/ar \u012estaigos teikiamomis Paslaugomis, Vartotojas privalo:<\/p>\n<p>15.1. grie\u017etai laikytis \u0161i\u0173 Taisykli\u0173 nustatytos tvarkos ir reikalavim\u0173;<\/p>\n<p>15.2. nepa\u017eeisti \u012estaigos ir tre\u010di\u0173j\u0173 asmen\u0173 teisi\u0173 ir teis\u0117t\u0173 interes\u0173;<\/p>\n<p>15.3. neteikti melaging\u0173 ir\/ar klaidinan\u010di\u0173 duomen\u0173 apie save ar kitos neteisingos informacijos;<\/p>\n<p>15.4. naudotis tik saugiomis elektronini\u0173 ry\u0161i\u0173 ir duomen\u0173 perdavimo priemon\u0117mis ir \u012frenginiais;<\/p>\n<p>15.5. neplatinti kompiuterini\u0173 virus\u0173 ir\/ar imtis kit\u0173 priemoni\u0173, kurios gal\u0117t\u0173 sutrikdyti Tinklalapyje darb\u0105, pakenkti ar sunaikinti informacij\u0105 bei sukelti kitoki\u0105 \u017eal\u0105 Tinklalapiui, ar \u012estaigos teikiam\u0173 paslaug\u0173 procesui;<\/p>\n<p>15.6. nesiimti joki\u0173 ty\u010dini\u0173 veiksm\u0173, kurie sutrikdyt\u0173 Tinklalapio veikl\u0105 ir Tinklalapio ar \u012estaigos paslaug\u0173 teikim\u0105 Vartotojui ar tretiesiems asmenims;<\/p>\n<p>15.7. paisyti ir nepa\u017eeisti nusistov\u0117jusi\u0173 ir visuomen\u0117s pripa\u017eint\u0173 elgesio ir moral\u0117s norm\u0173, tre\u010di\u0173j\u0173 asmen\u0173 teisi\u0173 ir teis\u0117t\u0173 interes\u0173 bei teis\u0117s akt\u0173 reikalavim\u0173;<\/p>\n<p>16. Vartotojui pa\u017eeidus bet kuri\u0105 i\u0161 \u0161i\u0173 Taisykli\u0173 nuostat\u0173, \u012estaiga \u012fgyja teis\u0119 bet kuriuo metu visi\u0161kai ar i\u0161 dalies apriboti Vartotojo galimybes bet kokiu b\u016bdu naudotis Tinklalapiu.Intelektin\u0117s nuosavyb\u0117s apsauga ir nuorodos \u012f kitus tinklalapiu.<\/p>\n<p>17. Visos teis\u0117s \u012f Tinklalap\u012f ir jame esan\u010dius k\u016brinius yra saugomos Lietuvos Respublikos \u012fstatym\u0173 ir kit\u0173 teis\u0117s akt\u0173. Grie\u017etai draud\u017eiama kopijuoti tekstus, nuotraukas, logotipus, banerius ir visus kitus dizaino elementus su tikslu naudoti juos komerciniais ar kitais \u012estaigos ar tre\u010di\u0173j\u0173 asmen\u0173 teises ir teis\u0117tus interesus pa\u017eeid\u017eian\u010diais tikslais.<\/p>\n<p>18. Visi preki\u0173 \u017eenklai, kurie pateikiami Tinklalapyje, yra \u012estaigos nuosavyb\u0117, arba \u012estaiga juos naudoja teis\u0117tai, sutar\u010di\u0173, sudaryt\u0173 su j\u0173 savininkais, pagrindu.<\/p>\n<p>19. \u0160iame Tinklalapyje gali b\u016bti pateikta nuorod\u0173 \u012f kitus tinklalapius, kurie leis Vartotojui i\u0161eiti i\u0161 \u0161io Tinklalapio, siekiant gauti tre\u010di\u0173j\u0173 \u0161ali\u0173 informacij\u0105, arba tre\u010di\u0173j\u0173 \u0161ali\u0173 informacija gali b\u016bti pateikta \u0161iame Tinklalapyje.<\/p>\n<p>20. \u012estaiga negali pakeisti, atnaujinti ar kontroliuoti toki\u0173 tinklalapi\u0173 turinio, tod\u0117l neprisiima jokios atsakomyb\u0117s d\u0117l juose pateikto turinio teisingumo.<\/p>\n<p>21. Vartotojas turi atkreipti d\u0117mes\u012f, kad kituose Tinklalapiuose, \u012f kurias yra nukreipiama i\u0161 \u0161io Tinklalapio, gali galioti kitokios nei Tinklalapyje galiojan\u010dios Tinklalapio naudojimo taisykl\u0117s, privatumo politika, konfidencialumo nuostatos, asmens duomen\u0173 tvarkymo ir kitos nuostatos.Paslaug\u0173 u\u017esakymas Tinklalapyje.<\/p>\n<p>22. Naudodamiesi Tinklalapiu, Vartotojai gali u\u017esakyti \u012estaigos ir\/ar tre\u010di\u0173j\u0173 \u0161ali\u0173 paslaugas arba pateikti u\u017eklausas d\u0117l toki\u0173 paslaug\u0173 u\u017esakymo.<\/p>\n<p>23. Vartotojas, u\u017esakydamas \u012estaigos ir\/ar tre\u010di\u0173j\u0173 \u0161ali\u0173 paslaugas arba pateikdamas u\u017eklaus\u0105 d\u0117l toki\u0173 paslaug\u0173 u\u017esakymo, \u017eino ir sutinka, jog informacija ir duomenys, kuriuos jis nurodys pildydamas u\u017eklaus\u0105, bus perduoti toki\u0173 paslaug\u0173 teik\u0117jui.<\/p>\n<p>24. Vartotojas, u\u017esakydamas \u012estaigos ir\/ar tre\u010di\u0173j\u0173 \u0161ali\u0173 paslaugas arba teikdamas u\u017eklaus\u0105 d\u0117l toki\u0173 paslaug\u0173 u\u017esakymo (nurodydamas savo duomenis ir\/ar kontaktin\u0119 informacij\u0105), prisiima vis\u0105 atsakomyb\u0119 ir rizik\u0105 d\u0117l duomen\u0173, kuriuos jis perduoda tre\u010diosioms \u0161alims, naudojimo.<\/p>\n<p><strong>Slapukai<\/strong><\/p>\n<p>25. \u012estaiga, siekdama padaryti Vartotojo naudojim\u0105si Tinklalapiu greitesniu ir patogesniu, naudoja slapukus (angl. cookies). Slapukai \u2013 tai nedidelis failas, siun\u010diamas ir \u012fdiegiamas \u012f Vartotojo kompiuter\u012f. \u012ediegt\u0105 informacij\u0105 \u012estaiga naudoja Vartotojui atpa\u017einti bei Tinklalapio lankomumo statistikai steb\u0117ti.<\/p>\n<p>26. Vartotojas turi galimyb\u0119 savo nar\u0161ykl\u0117je per\u017ei\u016br\u0117ti, koki\u0105 informacij\u0105 (slapukus) \u012estaiga \u012fdiegia, ir dal\u012f ar visus \u012fdiegtus slapukus i\u0161trinti. Naudodamasis Tinklalapiu Vartotojas sutinka, kad jo kompiuteryje (\u012frenginyje) b\u016bt\u0173 \u012fra\u0161omi \u012estaigos numatyti slapukai. \u0160\u012f sutikim\u0105 Vartotojas gali bet kada at\u0161aukti, pakeisdamas savo interneto nar\u0161ykl\u0117s nustatymus, ta\u010diau tokiu atveju tam tikros Tinklalapio funkcijos gali neveikti.<\/p>\n<p><strong>Baigiamosios nuostatos<\/strong><\/p>\n<p>27. Taisykl\u0117ms yra taikoma Lietuvos Respublikos teis\u0117. Visi tarp Tinklalapio ir Vartotojo kil\u0119 nesutarimai yra sprend\u017eiami deryb\u0173 keliu. \u0160alims nei\u0161sprendus gin\u010do deryb\u0173 b\u016bdu toks gin\u010das galutinai sprend\u017eiamas Lietuvos Respublikos \u012fstatym\u0173 nustatyta tvarka teismuose.<\/p>\n<p>28. Visos teis\u0117s \u012f Tinklalapyje ir jame esan\u010dius k\u016brinius yra saugomos Lietuvos Respublikos \u012fstatymais ir kitais teis\u0117s aktais. Joks Tinklalapyje esantis turinys ir kitokia tekstin\u0117, grafin\u0117 ar kitokio pob\u016bd\u017eio informacija negali b\u016bti atgaminama, padaroma vie\u0161ai prieinama arba platinama be i\u0161ankstinio ra\u0161ti\u0161ko \u012estaigos sutikimo.<\/p>\n<p>29. Visais klausimais d\u0117l Tinklalapyje teikiam\u0173 savitarnos paslaug\u0173 ir \u012estaigos vykdom\u0173 asmens duomen\u0173 tvarkymo veiksm\u0173 pra\u0161ome kreiptis ra\u0161tu el. pa\u0161tu info@oneclick.lt arba atvykus \u012f klient\u0173 aptarnavimo centr\u0105, pateikiant \u012estaigai asmens tapatyb\u0119 patvirtinant\u012f dokument\u0105.Kaip pa\u0161alinti slapuk\u0105?<\/p>\n<p>30. Daugelis nar\u0161ykli\u0173 yra nustatytos taip, kad automati\u0161kai priimt\u0173 slapukus. Galite nar\u0161ykl\u0117je slapukus i\u0161jungti, bet \u017einokite, kad jeigu taip padarysite, galite netekti galimyb\u0117s naudotis daugybe funkcij\u0173, kurios b\u016btinos, kad interneto svetain\u0117 veikt\u0173 kaip dera. Jeigu jums reikia i\u0161samesn\u0117s informacijos apie slapukus, apsilankykite interneto svetain\u0117je www.aboutcookies.org, kur rasite i\u0161samios, nepriklausomos informacijos apie tai, kaip i\u0161jungti slapukus per nar\u0161ykl\u0117s nuostatas ir kaip pa\u0161alinti slapukus, kurie jau yra j\u016bs\u0173 kompiuteryje. Kad pa\u0161alintum\u0117te slapukus i\u0161 mobiliojo telefono, tur\u0117site pasiskaityti telefono naudojimo instrukcij\u0105.Kaip galiu valdyti slapuk\u0173 nustatymus?<\/p>\n<p>31. Slapukus galite valdyti per savo naudojamos nar\u0161ykl\u0117s nustatymus pasirinkdami, kuriuos slapukus norite priimti ir kuriuos i\u0161trinti. Slapuk\u0173 galite atsisakyti bet kuriuo metu i\u0161trindami slapukus i\u0161 savo nar\u0161ykl\u0117s, kurioje jie yra \u012fdiegti. Slapuk\u0173 valdymo vieta priklauso nuo J\u016bs\u0173 naudojamos nar\u0161ykl\u0117s. Nor\u0117dami daugiau su\u017einoti kaip tvarkyti ar pa\u0161alinti J\u016bs\u0173 nar\u0161ykl\u0117je \u012fdiegtus slapukus, apsilankykite J\u016bs\u0173 naudojamos nar\u0161ykl\u0117s interneto puslapyje arba per\u017ei\u016br\u0117kite trump\u0105 instrukcij\u0105 populiariausioms nar\u0161ykl\u0117ms: Chrome, Mozilla, Edge, Safari, Opera.<\/p>\n","protected":false},"excerpt":{"rendered":"<p>Bendrosios nuostatos 1. Tinklalapio www.oneclick.lt (toliau \u2013 Tinklalapis) naudojimo taisykl\u0117s ir privatumo politika (toliau \u2013 Taisykl\u0117s) nustato naudojimosi Tinklalapiu s\u0105lygas ir tvark\u0105 bei pagrindinius asmens duomen\u0173 rinkimo, tvarkymo ir saugojimo principus, kuriais remdamasis Tinklalapio valdytojas \u2013 MB \u201eVienas paspaudimas\u201c, juridinio asmens kodas 304859756, PVM kodas LT100012185317 reg. adresas Vytenio g. 14 \u2013 35, Marijampol\u0117, (toliau [&hellip;]<\/p>\n","protected":false},"author":1,"featured_media":0,"parent":0,"menu_order":0,"comment_status":"closed","ping_status":"open","template":"","meta":{"inline_featured_image":false,"footnotes":""},"class_list":["post-3512","page","type-page","status-publish","hentry"],"yoast_head":"<!-- This site is optimized with the Yoast SEO plugin v23.2 - https:\/\/yoast.com\/wordpress\/plugins\/seo\/ -->\n<title>Privacy policy - One Click<\/title>\n<meta name=\"robots\" content=\"index, follow, max-snippet:-1, max-image-preview:large, max-video-preview:-1\" \/>\n<link rel=\"canonical\" href=\"https:\/\/oneclick.lt\/en\/privacy-police\/\" \/>\n<meta property=\"og:locale\" content=\"en_US\" \/>\n<meta property=\"og:type\" content=\"article\" \/>\n<meta property=\"og:title\" content=\"Privacy policy - One Click\" \/>\n<meta property=\"og:description\" content=\"Bendrosios nuostatos 1. Tinklalapio www.oneclick.lt (toliau \u2013 Tinklalapis) naudojimo taisykl\u0117s ir privatumo politika (toliau \u2013 Taisykl\u0117s) nustato naudojimosi Tinklalapiu s\u0105lygas ir tvark\u0105 bei pagrindinius asmens duomen\u0173 rinkimo, tvarkymo ir saugojimo principus, kuriais remdamasis Tinklalapio valdytojas \u2013 MB \u201eVienas paspaudimas\u201c, juridinio asmens kodas 304859756, PVM kodas LT100012185317 reg. adresas Vytenio g. 14 \u2013 35, Marijampol\u0117, (toliau [&hellip;]\" \/>\n<meta property=\"og:url\" content=\"https:\/\/oneclick.lt\/en\/privacy-police\/\" \/>\n<meta property=\"og:site_name\" content=\"One Click\" \/>\n<meta property=\"article:publisher\" content=\"https:\/\/www.facebook.com\/oneclick.lt\" \/>\n<meta property=\"article:modified_time\" content=\"2022-06-16T07:28:51+00:00\" \/>\n<meta name=\"twitter:card\" content=\"summary_large_image\" \/>\n<meta name=\"twitter:label1\" content=\"Est. reading time\" \/>\n\t<meta name=\"twitter:data1\" content=\"8 minutes\" \/>\n<script type=\"application\/ld+json\" class=\"yoast-schema-graph\">{\"@context\":\"https:\/\/schema.org\",\"@graph\":[{\"@type\":\"WebPage\",\"@id\":\"https:\/\/oneclick.lt\/en\/privacy-police\/\",\"url\":\"https:\/\/oneclick.lt\/en\/privacy-police\/\",\"name\":\"Privacy policy - One Click\",\"isPartOf\":{\"@id\":\"https:\/\/oneclick.lt\/#website\"},\"datePublished\":\"2021-11-16T14:02:21+00:00\",\"dateModified\":\"2022-06-16T07:28:51+00:00\",\"breadcrumb\":{\"@id\":\"https:\/\/oneclick.lt\/en\/privacy-police\/#breadcrumb\"},\"inLanguage\":\"en-US\",\"potentialAction\":[{\"@type\":\"ReadAction\",\"target\":[\"https:\/\/oneclick.lt\/en\/privacy-police\/\"]}]},{\"@type\":\"BreadcrumbList\",\"@id\":\"https:\/\/oneclick.lt\/en\/privacy-police\/#breadcrumb\",\"itemListElement\":[{\"@type\":\"ListItem\",\"position\":1,\"name\":\"Home\",\"item\":\"https:\/\/oneclick.lt\/en\/pagrindinis\/\"},{\"@type\":\"ListItem\",\"position\":2,\"name\":\"Privacy policy\"}]},{\"@type\":\"WebSite\",\"@id\":\"https:\/\/oneclick.lt\/#website\",\"url\":\"https:\/\/oneclick.lt\/\",\"name\":\"oneclick.lt\",\"description\":\"Advertising services, graphics, design, website development, hosting\",\"publisher\":{\"@id\":\"https:\/\/oneclick.lt\/#organization\"},\"potentialAction\":[{\"@type\":\"SearchAction\",\"target\":{\"@type\":\"EntryPoint\",\"urlTemplate\":\"https:\/\/oneclick.lt\/?s={search_term_string}\"},\"query-input\":\"required name=search_term_string\"}],\"inLanguage\":\"en-US\"},{\"@type\":\"Organization\",\"@id\":\"https:\/\/oneclick.lt\/#organization\",\"name\":\"One Click\",\"url\":\"https:\/\/oneclick.lt\/\",\"logo\":{\"@type\":\"ImageObject\",\"inLanguage\":\"en-US\",\"@id\":\"https:\/\/oneclick.lt\/#\/schema\/logo\/image\/\",\"url\":\"https:\/\/oneclick.lt\/wp-content\/uploads\/2025\/01\/200x200.png\",\"contentUrl\":\"https:\/\/oneclick.lt\/wp-content\/uploads\/2025\/01\/200x200.png\",\"width\":200,\"height\":200,\"caption\":\"One Click\"},\"image\":{\"@id\":\"https:\/\/oneclick.lt\/#\/schema\/logo\/image\/\"},\"sameAs\":[\"https:\/\/www.facebook.com\/oneclick.lt\",\"https:\/\/www.instagram.com\/oneclick.lt\",\"https:\/\/www.linkedin.com\/company\/oneclicklt\/\"]}]}<\/script>\n<!-- \/ Yoast SEO plugin. -->","yoast_head_json":{"title":"Privacy policy - One Click","robots":{"index":"index","follow":"follow","max-snippet":"max-snippet:-1","max-image-preview":"max-image-preview:large","max-video-preview":"max-video-preview:-1"},"canonical":"https:\/\/oneclick.lt\/en\/privacy-police\/","og_locale":"en_US","og_type":"article","og_title":"Privacy policy - One Click","og_description":"Bendrosios nuostatos 1. Tinklalapio www.oneclick.lt (toliau \u2013 Tinklalapis) naudojimo taisykl\u0117s ir privatumo politika (toliau \u2013 Taisykl\u0117s) nustato naudojimosi Tinklalapiu s\u0105lygas ir tvark\u0105 bei pagrindinius asmens duomen\u0173 rinkimo, tvarkymo ir saugojimo principus, kuriais remdamasis Tinklalapio valdytojas \u2013 MB \u201eVienas paspaudimas\u201c, juridinio asmens kodas 304859756, PVM kodas LT100012185317 reg. adresas Vytenio g. 14 \u2013 35, Marijampol\u0117, (toliau [&hellip;]","og_url":"https:\/\/oneclick.lt\/en\/privacy-police\/","og_site_name":"One Click","article_publisher":"https:\/\/www.facebook.com\/oneclick.lt","article_modified_time":"2022-06-16T07:28:51+00:00","twitter_card":"summary_large_image","twitter_misc":{"Est. reading time":"8 minutes"},"schema":{"@context":"https:\/\/schema.org","@graph":[{"@type":"WebPage","@id":"https:\/\/oneclick.lt\/en\/privacy-police\/","url":"https:\/\/oneclick.lt\/en\/privacy-police\/","name":"Privacy policy - One Click","isPartOf":{"@id":"https:\/\/oneclick.lt\/#website"},"datePublished":"2021-11-16T14:02:21+00:00","dateModified":"2022-06-16T07:28:51+00:00","breadcrumb":{"@id":"https:\/\/oneclick.lt\/en\/privacy-police\/#breadcrumb"},"inLanguage":"en-US","potentialAction":[{"@type":"ReadAction","target":["https:\/\/oneclick.lt\/en\/privacy-police\/"]}]},{"@type":"BreadcrumbList","@id":"https:\/\/oneclick.lt\/en\/privacy-police\/#breadcrumb","itemListElement":[{"@type":"ListItem","position":1,"name":"Home","item":"https:\/\/oneclick.lt\/en\/pagrindinis\/"},{"@type":"ListItem","position":2,"name":"Privacy policy"}]},{"@type":"WebSite","@id":"https:\/\/oneclick.lt\/#website","url":"https:\/\/oneclick.lt\/","name":"oneclick.lt","description":"Advertising services, graphics, design, website development, hosting","publisher":{"@id":"https:\/\/oneclick.lt\/#organization"},"potentialAction":[{"@type":"SearchAction","target":{"@type":"EntryPoint","urlTemplate":"https:\/\/oneclick.lt\/?s={search_term_string}"},"query-input":"required name=search_term_string"}],"inLanguage":"en-US"},{"@type":"Organization","@id":"https:\/\/oneclick.lt\/#organization","name":"One Click","url":"https:\/\/oneclick.lt\/","logo":{"@type":"ImageObject","inLanguage":"en-US","@id":"https:\/\/oneclick.lt\/#\/schema\/logo\/image\/","url":"https:\/\/oneclick.lt\/wp-content\/uploads\/2025\/01\/200x200.png","contentUrl":"https:\/\/oneclick.lt\/wp-content\/uploads\/2025\/01\/200x200.png","width":200,"height":200,"caption":"One Click"},"image":{"@id":"https:\/\/oneclick.lt\/#\/schema\/logo\/image\/"},"sameAs":["https:\/\/www.facebook.com\/oneclick.lt","https:\/\/www.instagram.com\/oneclick.lt","https:\/\/www.linkedin.com\/company\/oneclicklt\/"]}]}},"_links":{"self":[{"href":"https:\/\/oneclick.lt\/en\/wp-json\/wp\/v2\/pages\/3512","targetHints":{"allow":["GET"]}}],"collection":[{"href":"https:\/\/oneclick.lt\/en\/wp-json\/wp\/v2\/pages"}],"about":[{"href":"https:\/\/oneclick.lt\/en\/wp-json\/wp\/v2\/types\/page"}],"author":[{"embeddable":true,"href":"https:\/\/oneclick.lt\/en\/wp-json\/wp\/v2\/users\/1"}],"replies":[{"embeddable":true,"href":"https:\/\/oneclick.lt\/en\/wp-json\/wp\/v2\/comments?post=3512"}],"version-history":[{"count":0,"href":"https:\/\/oneclick.lt\/en\/wp-json\/wp\/v2\/pages\/3512\/revisions"}],"wp:attachment":[{"href":"https:\/\/oneclick.lt\/en\/wp-json\/wp\/v2\/media?parent=3512"}],"curies":[{"name":"wp","href":"https:\/\/api.w.org\/{rel}","templated":true}]}}